{"id":71,"date":"2015-02-16T14:35:05","date_gmt":"2015-02-16T13:35:05","guid":{"rendered":"http:\/\/partitura.org\/?page_id=71"},"modified":"2025-10-21T07:20:09","modified_gmt":"2025-10-21T05:20:09","slug":"composers","status":"publish","type":"page","link":"https:\/\/partitura.org\/index.php\/composers\/","title":{"rendered":"Composers"},"content":{"rendered":"<p style=\"-moz-columns:3 14em; -webkit-columns:3 14em; columns:3 14em;-webkit-column-gap: 8em;-moz-column-gap: 8em;column-gap: 8em;-webkit-column-rule: 1px dotted #ddd;-moz-column-rule: 1px dotted #ddd;column-rule: 1px dotted #ddd;center\">\n<a title=\"Abel, David\" href=\"https:\/\/partitura.org\/index.php\/abel-david\/\">Abel, David<\/a><br \/>\n<a title=\"Adlung, Jacob\" href=\"https:\/\/partitura.org\/index.php\/adlung-jacob\/\">Adlung, Jacob<\/a><br \/>\n<a title=\"Alberti, Johnn Friedrich\" href=\"https:\/\/partitura.org\/index.php\/alberti-johann-friedrich\/\">Alberti, Johann Friedrich<\/a><br \/>\n<a title=\"Andr\u00e9, Julius\" href=\"https:\/\/partitura.org\/index.php\/andre-julius\/\">Andr\u00e9, Julius<\/a><br \/>\n<a title=\"Anonymus\" href=\"https:\/\/partitura.org\/index.php\/anonymus\/\">Anonymus<\/a><br \/>\n<a title=\"Anonymus, Becker II.2.51\" href=\"https:\/\/partitura.org\/index.php\/anonymus-becker-ii-2-51\/\">Anonymus (Becker II.2.51)<\/a><br \/>\n<a title=\"Anonymus, Mus Ms 40615\" href=\"https:\/\/partitura.org\/index.php\/anonymus-mus-ms-40615\/\">Anonymus (Orgelbuch Matthias Rottenau)<\/a><br \/>\n<a title=\"Anonymus, Ms Lynar B3\" href=\"https:\/\/partitura.org\/index.php\/anonymus-mus-ms-lynar-b3\/\">Anonymus (Ms Lynar B3)<\/a><br \/>\n<a title=\"Anonymus, Ms Lynar B7\" href=\"https:\/\/partitura.org\/index.php\/anonymus-mus-ms-lynar-b7\/\">Anonymus (Ms Lynar B7)<\/a><br \/>\n<a title=\"Armsdorf, Andreas\" href=\"https:\/\/partitura.org\/index.php\/armsdorf-andreas\/\">Armsdorf, Andreas<\/a><br \/>\n<a title=\"Bach, Carl Philipp Emanuel\" href=\"https:\/\/partitura.org\/index.php\/bach-carl-philipp-emanuel\/\">Bach, Carl Philipp Emanuel<\/a><br \/>\n<a title=\"Bach, Heinrich\" href=\"https:\/\/partitura.org\/index.php\/bach-heinrich\/\">Bach, Heinrich<\/a><br \/>\n<a title=\"Bach, Johann Bernhard\" href=\"https:\/\/partitura.org\/index.php\/bach-johann-bernhard\/\">Bach, Johann Bernhard<\/a><br \/>\n<a title=\"Bach, Johann Christoph\" href=\"https:\/\/partitura.org\/index.php\/bach-johann-christoph\/\">Bach, Johann Christoph<\/a><br \/>\n<a title=\"Bach, Johann Michael\" href=\"https:\/\/partitura.org\/index.php\/bach-johann-michael\/\">Bach, Johann Michael<\/a><br \/>\n<a title=\"Bach, Johann Sebastian\" href=\"https:\/\/partitura.org\/index.php\/bach-johann-sebastian\/\">Bach, Johann Sebastian<\/a><br \/>\n<a title=\"Batiste, \u00c9douard\" href=\"https:\/\/partitura.org\/index.php\/batiste-edouard\/\">Batiste, \u00c9douard<\/a><br \/>\n<a title=\"Beutler, Johann Georg Bernhard\" href=\"https:\/\/partitura.org\/index.php\/beutler-johann-georg-bernhard\/\">Beutler, Johann Georg Bernhard<\/a><br \/>\n<a title=\"Bodecker, Johann Heinrich\" href=\"https:\/\/partitura.org\/index.php\/bodecker-johann-heinrich\/\">Bodecker, Johann Heinrich<\/a><br \/>\n<a title=\"B\u00f6hm, Georg\" href=\"https:\/\/partitura.org\/index.php\/bohm-georg\/\">B\u00f6hm, Georg<\/a><br \/>\n<a title=\"Brixi, Franti\u0161ek Xaver\" href=\"https:\/\/partitura.org\/index.php\/brixi-frantisek-xaver\/\">Brixi, Franti\u0161ek Xaver<\/a><br \/>\n<a title=\"Brunckhorst, Arnold Matthias\" href=\"https:\/\/partitura.org\/index.php\/brunckhort-arnold-matthias\/\">Brunckhorst, Arnold Matthias<\/a><br \/>\n<a title=\"Buttstett, Johann Heinrich\" href=\"https:\/\/partitura.org\/index.php\/buttstett-johann-heinrich\/\">Buttstett, Johann Heinrich<\/a><br \/>\n<a title=\"Buxtehude, Dietrich\" href=\"https:\/\/partitura.org\/index.php\/buxtehude-dietrich\/\">Buxtehude, Dietrich<\/a><br \/>\n<a title=\"Chelleri, Fortunato\" href=\"https:\/\/partitura.org\/index.php\/chelleri-fortunato\/\">Chelleri, Fortunato<\/a><br \/>\n<a title=\"Conrad, Johann Christoph\" href=\"https:\/\/partitura.org\/index.php\/conrad-johann-christoph\/\">Conrad, Johann Christoph<\/a><br \/>\n<a title=\"D\u00fcben, Andreas\" href=\"https:\/\/partitura.org\/index.php\/duben-andreas\/\">D\u00fcben, Andreas<\/a><br \/>\n<a title=\"D\u00fcben, Martin\" href=\" https:\/\/partitura.org\/index.php\/duben-martin\/\">D\u00fcben, Martin<\/a><br \/>\n<a title=\"Durme, Oscar van\" href=\"https:\/\/partitura.org\/index.php\/durme-oscar-van\/\">Durme, Oscar van<\/a><br \/>\n<a title=\"Ef\ufb02er, Johann\" href=\"https:\/\/partitura.org\/index.php\/ef\ufb02er-johann\/\">Ef\ufb02er, Johann<\/a><br \/>\n<a title=\"Erbach, Christian\" href=\"https:\/\/partitura.org\/index.php\/erbach-christian\/\">Erbach, Christian<\/a><br \/>\n<a title=\"Erbach, Christian (junior)\" href=\"https:\/\/partitura.org\/index.php\/erbach-christian-junior\/\">Erbach, Christian (junior)<\/a><br \/>\n<a title=\"Erich, Daniel\" href=\"https:\/\/partitura.org\/index.php\/erich-daniel\/\">Erich, Daniel<\/a><br \/>\n<a title=\"Fasch, Johann Friedrich\" href=\" https:\/\/partitura.org\/index.php\/fasch-johann-friedrich\/\">Fasch, Johann Friedrich<\/a><br \/>\n<a title=\"Fischer, Johann Caspar Ferdinand\" href=\"https:\/\/partitura.org\/index.php\/fischer-johann-caspar-ferdinand\/\">Fischer, Johann Caspar Ferdinand<\/a><br \/>\n<a title=\"Froberger, Johann Jakob\" href=\"https:\/\/partitura.org\/index.php\/froberger-johann-jacob\/\">Froberger, Johann Jakob<\/a><br \/>\n<a title=\"Gabrieli, Giovanni\" href=\"https:\/\/partitura.org\/index.php\/gabrieli-giovanni\/\">Gabrieli, Giovanni<\/a><br \/>\n<a title=\"Gattermann, Samuel Michael David\" href=\"https:\/\/partitura.org\/index.php\/gattermann-michael-samuel-david\/\">Gattermann, Samuel Michael David<\/a><br \/>\n<a title=\"Geist, Christian\" href=\"https:\/\/partitura.org\/index.php\/geist-christian\/\">Geist, Christian<\/a><br \/>\n<a title=\"Gerber, Heinrich Nicolaus\" href=\"https:\/\/partitura.org\/index.php\/gerber-heinrich-nicolaus\/\">Gerber, Heinrich Nicolaus<\/a><br \/>\n<a title=\"Grosjean, Ernest\" href=\"https:\/\/partitura.org\/index.php\/grosjean-ernest\/\">Grosjean, Ernest<\/a><br \/>\n<a title=\"Grunow\" href=\"https:\/\/partitura.org\/index.php\/grunow\/\">Grunow<\/a><br \/>\n<a title=\"H\u00e4ndel, Georg Friedrich\" href=\"https:\/\/partitura.org\/index.php\/handel-georg-friedrich\/\">H\u00e4ndel, Georg Friedrich<\/a><br \/>\n<a title=\"Hanff, Johann Nicolaus\" href=\"https:\/\/partitura.org\/index.php\/hanff-johann-nicolaus\/\">Hanff, Johann Nicolaus<\/a><br \/>\n<a title=\"Harsow, Johann Samuel\" href=\"https:\/\/partitura.org\/index.php\/harsow-johann-samuel\/\">Harsow, Johann Samuel<\/a><br \/>\n<a title=\"Hasse, Peter\" href=\"https:\/\/partitura.org\/index.php\/hasse-peter\/\">Hasse, Peter<\/a><br \/>\n<a title=\"Hassler, Hans Leo\" href=\"https:\/\/partitura.org\/index.php\/hassler-hans-leo\/\">Hassler, Hans Leo<\/a><br \/>\n<a title=\"Henkel, Heinrich\" href=\"https:\/\/partitura.org\/index.php\/henkel-heinrich\/\">Henkel, Heinrich<\/a><br \/>\n<a title=\"Heron, Henry\" href=\"https:\/\/partitura.org\/index.php\/heron-henry\/\">Heron, Henry<\/a><br \/>\n<a title=\"Heuschkel, Johann\" href=\"https:\/\/partitura.org\/index.php\/heuschkel-johann\/\">Heuschkel, Johan<\/a><br \/>\n<a title=\"Hiller, Johann Adam\" href=\"https:\/\/partitura.org\/index.php\/hiller-johann-adam\/\">Hiller, Johann Adam<\/a><br \/>\n<a title=\"Homilius, August Wilhelm\" href=\"https:\/\/partitura.org\/index.php\/homilius-august-wilhelm\/\">Homilius, August Wilhelm<\/a><br \/>\n<a title=\"H\u00f6pner, Christian Gottlob\" href=\"https:\/\/partitura.org\/index.php\/hopner-christian-gottlob\/\">H\u00f6pner, Christian Gottlob<\/a><br \/>\n<a title=\"Jongbloed, Auke\" href=\"https:\/\/partitura.org\/index.php\/jongbloed-auke\/\">Jongbloed, Auke<\/a><br \/>\n<a title=\"Karges, Wilhelm\" href=\"https:\/\/partitura.org\/index.php\/karges-wilhelm\/\">Karges, Wilhelm<\/a><br \/>\n<a title=\"Kauffmann, Georg Friedrich\" href=\"https:\/\/partitura.org\/index.php\/kaufmann-georg-friedrich\/\">Kauffmann, Georg Friedrich<\/a><br \/>\n<a title=\"Kehl, Johann Balthasar\" href=\"https:\/\/partitura.org\/index.php\/kehl-johann-balthasar\/\">Kehl, Johann Balthasar<\/a><br \/>\n<a title=\"Keller, Heinrich Michael\" href=\"https:\/\/partitura.org\/index.php\/keller-heinrich-michael\/\">Keller, Heinrich Michael<\/a><br \/>\n<a title=\"Kellner, Johann Andreas\" href=\"https:\/\/partitura.org\/index.php\/kellner-johann-andreas\/\">Kellner, Johann Andreas<\/a><br \/>\n<a title=\"Kellner, Johann Christoph\" href=\" https:\/\/partitura.org\/index.php\/kellner-johann-christoph\/\">Kellner, Johann Christoph<\/a><br \/>\n<a title=\"Kellner, Johann Peter\" href=\"https:\/\/partitura.org\/index.php\/kellner-johann-peter\/\">Kellner, Johann Peter<\/a><br \/>\n<a title=\"Kirchhoff, Gottfried\" href=\"https:\/\/partitura.org\/index.php\/kirchhoff-gottfried\/\">Kirchhoff, Gottfried<\/a><br \/>\n<a title=\"Kirnberger, Johann Philipp\" href=\"https:\/\/partitura.org\/index.php\/kirnberger-johann-philipp\/\">Kirnberger, Johann Philipp<\/a><br \/>\n<a title=\"Kittel, Johann Christian\" href=\"https:\/\/partitura.org\/index.php\/kittel-johann-christian\/\">Kittel, Johann Christian<\/a><br \/>\n<a title=\"Kneller, Andreas\" href=\"https:\/\/partitura.org\/index.php\/kneller-andreas\/\">Kneller, Andreas<\/a><br \/>\n<a title=\"Kobrich, Johann Anton\" href=\"https:\/\/partitura.org\/index.php\/kobrich-johann-anton\/\">Kobrich, Johann Anton<\/a><br \/>\n<a title=\"Krebs, Johann Ludwig\" href=\"https:\/\/partitura.org\/index.php\/krebs-johann-ludwig\/\">Krebs, Johann Ludwig<\/a><br \/>\n<a title=\"Krebs, Johann Tobias\" href=\"https:\/\/partitura.org\/index.php\/krebs-johann-tobias\/\">Krebs, Johann Tobias<\/a><br \/>\n<a title=\"Kuhnau, Johann\" href=\"https:\/\/partitura.org\/index.php\/kuhnau-johann\/\">Kuhnau, Johann<\/a><br \/>\n<a title=\"K\u00fchnau, Johann Christoph\" href=\"https:\/\/partitura.org\/index.php\/kuhnau-johann-christoph\/\">K\u00fchnau, Johann Christoph<\/a> \u200e<br \/>\n<a title=\"Leyding, Georg Dietrich\" href=\"https:\/\/partitura.org\/index.php\/leyding-georg-dietrich\/\">Leyding, Georg Dietrich<\/a> \u200e<br \/>\n<a title=\"Linike, Johann Georg\" href=\"https:\/\/partitura.org\/index.php\/linike-johann-georg\/\">Linike, Johann Georg<\/a> \u200e<br \/>\n<a title=\"Lohet, Simon\" href=\"https:\/\/partitura.org\/index.php\/lohet-simon\/\">Lohet, Simon<\/a> \u200e<br \/>\n<a title=\"L\u00f6w, Rudolf\" href=\"https:\/\/partitura.org\/index.php\/low-rudolf\/\">L\u00f6w, Rudolf<\/a> \u200e<br \/>\n<a title=\"Marpurg, Friedrich Wilhelm\" href=\"https:\/\/partitura.org\/index.php\/marpurg-friedrich-wilhelm\/\">Marpurg, Friedrich Wilhelm<\/a> \u200e<br \/>\n<a title=\"M.W.C.B.M\" href=\"https:\/\/partitura.org\/index.php\/m-w-c-b-m\/\">M.W.C.B.M<\/a> \u200e<br \/>\n<a title=\"Meister, Johann Georg\" href=\"https:\/\/partitura.org\/index.php\/meister-johann-georg\/\">Meister, Johann Georg<\/a> \u200e<br \/>\n<a title=\"Meyer, Bernhard\" href=\"https:\/\/partitura.org\/index.php\/meyer-bernhard\/\">Meyer, Bernhard<\/a><br \/>\n<a title=\"Mohrheim, Friedrich Christian Samuel\" href=\"https:\/\/partitura.org\/index.php\/mohrheim-friedrich-christian-samuel\/\">Mohrheim, Friedrich Christian Samuel<\/a><br \/>\n<a title=\"M\u00fcthel, Johann Gottfried\" href=\"https:\/\/partitura.org\/index.php\/muthel-johann-gottfried\/\">M\u00fcthel, Johann Gottfried<\/a><br \/>\n<a title=\"Oley, Johann Christoph\" href=\"https:\/\/partitura.org\/index.php\/oley-johann-christoph\/\">Oley, Johann Christoph<\/a><br \/>\n<a title=\"Oberhoffer, Heinrich\" href=\"https:\/\/partitura.org\/index.php\/oberhoffer-heinrich\/\">Oberhoffer, Heinrich<\/a><br \/>\n<a title=\"Pachelbel, Johan\" href=\"https:\/\/partitura.org\/index.php\/pachelbel-johan\/\">Pachelbel, Johann<\/a><br \/>\n<a title=\"Pepusch, Johan Christoph\" href=\"https:\/\/partitura.org\/index.php\/pepusch-johann-christoph\/\">Pepusch, Johann Christoph<\/a><br \/>\n<a title=\"Reichardt, Christian\" href=\"https:\/\/partitura.org\/index.php\/reichardt-christian\/\">Reichardt, Christian<\/a><br \/>\n<a title=\"Rembt, Johann Ernst\" href=\"https:\/\/partitura.org\/index.php\/rembt-johann-ernst\/\">Rembt, Johann Ernst<\/a><br \/>\n<a title=\"Richter, Ernst Friedrich\" href=\"https:\/\/partitura.org\/index.php\/richter-friedrich-ernst\/\">Richter, Ernst Friedrich<\/a><br \/>\n<a title=\"Rinck, Christian Heinrich\" href=\"https:\/\/partitura.org\/index.php\/rinck-christian-heinrich\/\">Rinck, Christian Heinrich<\/a><br \/>\n<a title=\"Ringk, Johannes\" href=\"https:\/\/partitura.org\/index.php\/ringk-johannes\/\">Ringk, Johannes<\/a><br \/>\n<a title=\"Roberday, Fran\u00e7ois\" href=\" https:\/\/partitura.org\/index.php\/roberday-francois\/\">Roberday, Fran\u00e7ois<\/a><br \/>\n<a title=\"Saxer, Georg Wilhelm\" href=\"https:\/\/partitura.org\/index.php\/saxer-georg-wilhelm\/\">Saxer, Georg Wilhelm<\/a><br \/>\n<a title=\"Scheibe, Johann Adolph\" href=\"https:\/\/partitura.org\/index.php\/scheibe-johann-adolph\/\">Scheibe, Johann Adolph<\/a><br \/>\n<a title=\"Scheidemann, Heinrich\" href=\"https:\/\/partitura.org\/index.php\/scheidemann-heinrich\/\">Scheidemann, Heinrich<\/a><br \/>\n<a title=\"Scheidemantel, Carl F.\" href=\"https:\/\/partitura.org\/index.php\/scheidemantel-carl-f\/\">Scheidemantel, Carl F.<\/a><br \/>\n<a title=\"Scherer, Sebastian Anton\" href=\"https:\/\/partitura.org\/index.php\/scherer-sebastian-anton\/\">Scherer, Sebastian Anton<\/a><br \/>\n<a title=\"Schneider, Johann\" href=\"https:\/\/partitura.org\/index.php\/schneider-johann\/\">Schneider, Johann<\/a><br \/>\n<a title=\"Sch\u00fcbler, Johann Georg\" href=\"https:\/\/partitura.org\/index.php\/schubler-johann-georg\/\">Sch\u00fcbler, Johann Georg<\/a><br \/>\n<a title=\"Seger, Josef Ferdinand Norbert\" href=\"https:\/\/partitura.org\/index.php\/seger\/\">Seger, Josef Ferdinand Norbert<\/a><br \/>\n<a title=\"Siefert, Paul\" href=\"https:\/\/partitura.org\/index.php\/siefert-paul\/\">Siefert, Paul<\/a><br \/>\n<a title=\"Sorge, Georg Andreas\" href=\"https:\/\/partitura.org\/index.php\/sorge-georg-andreas\/\">Sorge, Georg Andreas<\/a><br \/>\n<a title=\"St\u00f6lzel, Gottfried Heinrich\" href=\"https:\/\/partitura.org\/index.php\/stolzel-gottfried-heinrich\/\">St\u00f6lzel, Gottfried Heinrich<\/a><br \/>\n<a title=\"Sweelinck, Jan Pieterszoon\" href=\"https:\/\/partitura.org\/index.php\/sweelinck-jan-pieterszoon\/\">Sweelinck, Jan Pieterszoon<\/a><br \/>\n<a title=\"Strungk, Delphin\" href=\"https:\/\/partitura.org\/index.php\/strungk-delphin\/\">Strungk, Delphin<\/a><br \/>\n<a title=\"Tag, Christian Gotthilf\" href=\"https:\/\/partitura.org\/index.php\/tag-christian-gotthilf\/\">Tag, Christian Gotthilf<\/a><br \/>\n<a title=\"Tauscher, H.W.\" href=\"https:\/\/partitura.org\/index.php\/tauscher-w-h\/\">Tauscher, H.W.<\/a><br \/>\n<a title=\"Telemann, Georg Philipp\" href=\"https:\/\/partitura.org\/index.php\/telemann-georg-philipp\/\">Telemann, Georg Philipp<\/a><br \/>\n<a title=\"Thielo, Carl August\" href=\"https:\/\/partitura.org\/index.php\/thielo-carl-august\/\">Thielo, Carl August<\/a><br \/>\n<a title=\"Tietz, Philipp\" href=\"https:\/\/partitura.org\/index.php\/tietz-philip\/\">Tietz, Philipp<\/a><br \/>\n<a title=\"Vallade, Johann Baptist Anton\" href=\"https:\/\/partitura.org\/index.php\/vallade-johann-baptist-anton\">Vallade, Johann Baptist Anton<\/a><br \/>\n<a title=\"Vetter, Andreas Nicolaus\" href=\"https:\/\/partitura.org\/index.php\/vetter-andreas-nicolaus\/\">Vetter, Andreas Nicolaus<\/a><br \/>\n<a title=\"Vierling, Johann Gottfried\" href=\"https:\/\/partitura.org\/index.php\/vierling-johann-gottfried\/\">Vierling, Johann Gottfried<\/a><br \/>\n<a title=\"Vivaldi, Antonio\" href=\" https:\/\/partitura.org\/index.php\/vivaldi-antonio\/\">Vivaldi, Antonio<\/a><br \/>\n<a title=\"Vogler, Johann Caspar\" href=\" https:\/\/partitura.org\/index.php\/vogler-caspar-johann\/\">Vogler, Johann Caspar<\/a><br \/>\n<a title=\"Walther, Johann Gottfried\" href=\"https:\/\/partitura.org\/index.php\/walther-johann-gottfried\/\">Walther, Johann Gottfried<\/a><br \/>\n<a title=\"Witt, Christian Friedrich\" href=\"https:\/\/partitura.org\/index.php\/witt-christian-friedrich\/\">Witt, Christian Friedrich<\/a><br \/>\n<a title=\"Wolf, Ernst Friedrich\" href=\"https:\/\/partitura.org\/index.php\/wolf-ernst-friedrich\/\">Wolf, Ernst Friedirch<\/a><br \/>\n<a title=\"Zachow, Friedrich Wilhelm\" href=\"https:\/\/partitura.org\/index.php\/zachow-friedrich-wilhelm\/\">Zachow, Friedrich Wilhelm<\/a><\/p>\n<p>Views: 3539<\/p>","protected":false},"excerpt":{"rendered":"<p>Abel, David Adlung, Jacob Alberti, Johann Friedrich Andr\u00e9, Julius Anonymus Anonymus (Becker II.2.51) Anonymus (Orgelbuch Matthias Rottenau) Anonymus (Ms Lynar B3) Anonymus (Ms Lynar B7) Armsdorf, Andreas Bach, Carl Philipp Emanuel Bach, Heinrich Bach, Johann Bernhard Bach, Johann Christoph Bach, Johann Michael Bach, Johann Sebastian Batiste, \u00c9douard Beutler, Johann Georg Bernhard Bodecker, Johann Heinrich B\u00f6hm, Georg Brixi, Franti\u0161ek Xaver Brunckhorst, Arnold Matthias Buttstett, Johann Heinrich Buxtehude, Dietrich Chelleri, Fortunato Conrad, Johann Christoph D\u00fcben, Andreas D\u00fcben, Martin Durme, Oscar van Ef\ufb02er, Johann Erbach, Christian Erbach, Christian (junior) Erich, Daniel Fasch, Johann Friedrich Fischer, Johann Caspar Ferdinand Froberger, Johann Jakob Gabrieli, Giovanni Gattermann, Samuel Michael David Geist, Christian Gerber, Heinrich Nicolaus Grosjean, Ernest Grunow H\u00e4ndel, Georg Friedrich Hanff, Johann Nicolaus Harsow, Johann Samuel Hasse, Peter Hassler, Hans Leo Henkel, Heinrich Heron, Henry Heuschkel, Johan Hiller, Johann Adam Homilius, August Wilhelm H\u00f6pner, Christian Gottlob Jongbloed, Auke Karges, Wilhelm Kauffmann, Georg Friedrich Kehl, Johann Balthasar Keller, Heinrich Michael Kellner, Johann Andreas Kellner, Johann Christoph Kellner, Johann Peter Kirchhoff, Gottfried Kirnberger, Johann Philipp Kittel, Johann Christian Kneller, Andreas Kobrich, Johann Anton Krebs, Johann Ludwig Krebs, Johann Tobias Kuhnau, Johann K\u00fchnau, Johann Christoph \u200e Leyding, Georg Dietrich \u200e Linike, Johann Georg \u200e Lohet, Simon \u200e L\u00f6w, Rudolf \u200e Marpurg, Friedrich Wilhelm \u200e M.W.C.B.M \u200e Meister, Johann Georg \u200e Meyer, Bernhard Mohrheim, Friedrich Christian Samuel M\u00fcthel, Johann Gottfried Oley, Johann Christoph Oberhoffer, Heinrich Pachelbel, Johann Pepusch, Johann Christoph Reichardt, Christian Rembt, Johann Ernst Richter, Ernst Friedrich Rinck, Christian Heinrich Ringk, Johannes Roberday, Fran\u00e7ois Saxer, Georg Wilhelm Scheibe, Johann Adolph Scheidemann, Heinrich Scheidemantel, Carl F. Scherer, Sebastian Anton Schneider, Johann Sch\u00fcbler, Johann Georg Seger, Josef Ferdinand Norbert Siefert, Paul Sorge, Georg Andreas St\u00f6lzel, Gottfried Heinrich Sweelinck, Jan Pieterszoon Strungk, Delphin Tag, Christian Gotthilf Tauscher, H.W. Telemann, Georg Philipp Thielo, Carl August Tietz, Philipp Vallade, Johann Baptist Anton Vetter, Andreas Nicolaus Vierling, Johann Gottfried Vivaldi, Antonio Vogler, Johann Caspar Walther, Johann Gottfried Witt, Christian Friedrich Wolf, Ernst Friedirch Zachow, Friedrich Wilhelm Views: 3539<\/p>\n","protected":false},"author":1,"featured_media":0,"parent":0,"menu_order":0,"comment_status":"closed","ping_status":"open","template":"","meta":{"footnotes":""},"class_list":["post-71","page","type-page","status-publish","hentry"],"jetpack_sharing_enabled":true,"jetpack_shortlink":"https:\/\/wp.me\/P5LnuZ-19","_links":{"self":[{"href":"https:\/\/partitura.org\/index.php\/wp-json\/wp\/v2\/pages\/71","targetHints":{"allow":["GET"]}}],"collection":[{"href":"https:\/\/partitura.org\/index.php\/wp-json\/wp\/v2\/pages"}],"about":[{"href":"https:\/\/partitura.org\/index.php\/wp-json\/wp\/v2\/types\/page"}],"author":[{"embeddable":true,"href":"https:\/\/partitura.org\/index.php\/wp-json\/wp\/v2\/users\/1"}],"replies":[{"embeddable":true,"href":"https:\/\/partitura.org\/index.php\/wp-json\/wp\/v2\/comments?post=71"}],"version-history":[{"count":56,"href":"https:\/\/partitura.org\/index.php\/wp-json\/wp\/v2\/pages\/71\/revisions"}],"predecessor-version":[{"id":11515,"href":"https:\/\/partitura.org\/index.php\/wp-json\/wp\/v2\/pages\/71\/revisions\/11515"}],"wp:attachment":[{"href":"https:\/\/partitura.org\/index.php\/wp-json\/wp\/v2\/media?parent=71"}],"curies":[{"name":"wp","href":"https:\/\/api.w.org\/{rel}","templated":true}]}}